{"id":1738,"date":"2022-12-08T03:16:27","date_gmt":"2022-12-08T02:16:27","guid":{"rendered":"https:\/\/alfs.ch\/impressum\/"},"modified":"2023-05-15T11:41:40","modified_gmt":"2023-05-15T09:41:40","slug":"impressum","status":"publish","type":"page","link":"https:\/\/alfs.ch\/en\/impressum\/","title":{"rendered":"Impressum"},"content":{"rendered":"\t\t<div data-elementor-type=\"wp-page\" data-elementor-id=\"1738\" class=\"elementor elementor-1738 elementor-530\" data-elementor-post-type=\"page\">\n\t\t\t\t\t\t<section class=\"elementor-section elementor-top-section elementor-element elementor-element-6548d3b elementor-section-boxed elementor-section-height-default elementor-section-height-default\" data-id=\"6548d3b\" data-element_type=\"section\">\n\t\t\t\t\t\t<div class=\"elementor-container elementor-column-gap-default\">\n\t\t\t\t\t<div class=\"elementor-column elementor-col-100 elementor-top-column elementor-element elementor-element-7d83e73\" data-id=\"7d83e73\" data-element_type=\"column\">\n\t\t\t<div class=\"elementor-widget-wrap elementor-element-populated\">\n\t\t\t\t\t\t<div class=\"elementor-element elementor-element-cb35ec2 elementor-widget elementor-widget-heading\" data-id=\"cb35ec2\" data-element_type=\"widget\" data-widget_type=\"heading.default\">\n\t\t\t\t<div class=\"elementor-widget-container\">\n\t\t\t\t\t<h1 class=\"elementor-heading-title elementor-size-default\">Impressum<\/h1>\t\t\t\t<\/div>\n\t\t\t\t<\/div>\n\t\t\t\t<div class=\"elementor-element elementor-element-af09bab elementor-widget elementor-widget-text-editor\" data-id=\"af09bab\" data-element_type=\"widget\" data-widget_type=\"text-editor.default\">\n\t\t\t\t<div class=\"elementor-widget-container\">\n\t\t\t\t\t\t\t\t\t<p><strong>Anschrift<\/strong><\/p>\n<p>ALFS AG<\/p>\n<p>Pfaffenrainstrasse 30 4103 Bottmingen Schweiz<\/p>\n<p>E-Mail: info@alfs.ch<\/p>\n<p>Tel: +41 (0) 61 551 51 77<\/p>\n<p><strong>Haftungshinweis<\/strong><\/p>\n<p>F\u00fcr Verweise auf unseren Seiten m\u00f6chten wir ausdr\u00fccklich betonen, dass wir keinerlei Einfluss auf den Linktext, die Gestaltung, evtl. Verletzungen geltender Rechte, auch Marken- und Titelrechte und die Inhalte der gelinkten Seiten haben. Wir distanzieren uns ausdr\u00fccklich von den Linkformulierungen, sowie von allen Inhalten aller Seiten auf die wir Verweise gesetzt haben und machen uns ihre Inhalte nicht zu eigen. Diese Erkl\u00e4rung gilt f\u00fcr alle auf unserer Website angebrachten Links und f\u00fcr alle Inhalte der Seiten, zu denen die bei uns angemeldeten Banner oder Links f\u00fchren.<\/p>\n<p>Wir bem\u00fchen uns, m\u00f6glichst genaue und zuverl\u00e4ssige Informationen auf unseren Webseiten zu ver\u00f6ffentlichen. Wir k\u00f6nnen jedoch keinerlei Gew\u00e4hr f\u00fcr die Richtigkeit aller<\/p>\n<p>ver\u00f6ffentlichten Informationen leisten. Jegliche Haftung f\u00fcr den Fall von Irrt\u00fcrmern oder Auslassungen auf unseren Webseiten wird ausgeschlossen.<\/p>\n<p>Bitte beachten Sie, dass Farbe und Struktur der Natursteinabbildungen von der Realit\u00e4t abweichen k\u00f6nnen. Das liegt in der Natur des Steins. Alle auf unserer Internetpr\u00e4senz <a href=\"https:\/\/alfs.ch\/en\/\"><span style=\"color: #0000ff;\">www.alfs.ch<\/span><\/a> ver\u00f6ffentlichten Beitr\u00e4ge, Firmenlogos und Bilder sind urheberrechtlich gesch\u00fctzt. Jede Verwendung bedarf einer vorherig schriftlichen Zustimmung der ALFS AG sowie des Fotografen.<\/p>\n<p><strong>Kontaktformular<\/strong><\/p>\n<p>Alle Ihre Daten verwenden wir ausschlie\u00dflich um mit Ihnen Kontakt aufzunehmen und werden nicht an Dritte weitergegeben. Ausgenommen davon ist die Weitergabe an die Heinz Alfs GmbH + Co. KG in D-76532 Baden-Baden.<\/p>\n<p><strong>Bildquellen<\/strong><\/p>\n<p class=\"p1\">shutterstock_94326589, shutterstock_316814147, shutterstock_110525204, shutterstock_97443299, shutterstock_1484840396, shutterstock_1516455185, shutterstock_1593338617, shutterstock_1762780481, shutterstock_1063912544, shutterstock_1036750939, shutterstock_278605139, shutterstock_2002699784, shutterstock_588973979, shutterstock_1494587837<\/p>\n<p><strong>Gender-Hinweis<\/strong><\/p>\n<p>Aus Gr\u00fcnden der besseren Lesbarkeit wird bei Personenbezeichnungen und personenbezogenen Hauptw\u00f6rtern auf dieser Webseite die m\u00e4nnliche Form verwendet. Entsprechende Begriffe gelten im Sinne der Gleichbehandlung grunds\u00e4tzlich f\u00fcr alle Geschlechter. Die verk\u00fcrzte Sprachform beinhaltet also keine Wertung, sondern hat lediglich redaktionelle Gr\u00fcnde.<\/p>\n\t\t\t\t\t\t\t\t<\/div>\n\t\t\t\t<\/div>\n\t\t\t\t\t<\/div>\n\t\t<\/div>\n\t\t\t\t\t<\/div>\n\t\t<\/section>\n\t\t\t\t<\/div>\n\t\t","protected":false},"excerpt":{"rendered":"<p>Impressum Anschrift ALFS AG Pfaffenrainstrasse 30 4103 Bottmingen Schweiz E-Mail: info@alfs.ch Tel: +41 (0) 61 551 51 77 Haftungshinweis F\u00fcr Verweise auf unseren Seiten m\u00f6chten wir ausdr\u00fccklich betonen, dass wir keinerlei Einfluss auf den Linktext, die Gestaltung, evtl. Verletzungen geltender Rechte, auch Marken- und Titelrechte und die Inhalte der gelinkten Seiten haben. Wir distanzieren uns [&hellip;]<\/p>\n","protected":false},"author":2,"featured_media":0,"parent":0,"menu_order":0,"comment_status":"closed","ping_status":"closed","template":"elementor_header_footer","meta":{"footnotes":""},"class_list":["post-1738","page","type-page","status-publish","hentry"],"yoast_head":"<!-- This site is optimized with the Yoast SEO plugin v27.4 - https:\/\/yoast.com\/product\/yoast-seo-wordpress\/ -->\n<title>Impressum - ALFS<\/title>\n<meta name=\"robots\" content=\"index, follow, max-snippet:-1, max-image-preview:large, max-video-preview:-1\" \/>\n<link rel=\"canonical\" href=\"https:\/\/alfs.ch\/en\/impressum\/\" \/>\n<meta property=\"og:locale\" content=\"en_US\" \/>\n<meta property=\"og:type\" content=\"article\" \/>\n<meta property=\"og:title\" content=\"Impressum - ALFS\" \/>\n<meta property=\"og:description\" content=\"Impressum Anschrift ALFS AG Pfaffenrainstrasse 30 4103 Bottmingen Schweiz E-Mail: info@alfs.ch Tel: +41 (0) 61 551 51 77 Haftungshinweis F\u00fcr Verweise auf unseren Seiten m\u00f6chten wir ausdr\u00fccklich betonen, dass wir keinerlei Einfluss auf den Linktext, die Gestaltung, evtl. Verletzungen geltender Rechte, auch Marken- und Titelrechte und die Inhalte der gelinkten Seiten haben. Wir distanzieren uns [&hellip;]\" \/>\n<meta property=\"og:url\" content=\"https:\/\/alfs.ch\/en\/impressum\/\" \/>\n<meta property=\"og:site_name\" content=\"ALFS\" \/>\n<meta property=\"article:publisher\" content=\"https:\/\/www.facebook.com\/heinzalfsgmbh\" \/>\n<meta property=\"article:modified_time\" content=\"2023-05-15T09:41:40+00:00\" \/>\n<meta name=\"twitter:card\" content=\"summary_large_image\" \/>\n<meta name=\"twitter:label1\" content=\"Est. reading time\" \/>\n\t<meta name=\"twitter:data1\" content=\"2 minutes\" \/>\n<script type=\"application\/ld+json\" class=\"yoast-schema-graph\">{\"@context\":\"https:\\\/\\\/schema.org\",\"@graph\":[{\"@type\":\"WebPage\",\"@id\":\"https:\\\/\\\/alfs.ch\\\/en\\\/impressum\\\/\",\"url\":\"https:\\\/\\\/alfs.ch\\\/en\\\/impressum\\\/\",\"name\":\"Impressum - ALFS\",\"isPartOf\":{\"@id\":\"https:\\\/\\\/alfs.ch\\\/en\\\/#website\"},\"datePublished\":\"2022-12-08T02:16:27+00:00\",\"dateModified\":\"2023-05-15T09:41:40+00:00\",\"breadcrumb\":{\"@id\":\"https:\\\/\\\/alfs.ch\\\/en\\\/impressum\\\/#breadcrumb\"},\"inLanguage\":\"en-US\",\"potentialAction\":[{\"@type\":\"ReadAction\",\"target\":[\"https:\\\/\\\/alfs.ch\\\/en\\\/impressum\\\/\"]}]},{\"@type\":\"BreadcrumbList\",\"@id\":\"https:\\\/\\\/alfs.ch\\\/en\\\/impressum\\\/#breadcrumb\",\"itemListElement\":[{\"@type\":\"ListItem\",\"position\":1,\"name\":\"Home\",\"item\":\"https:\\\/\\\/alfs.ch\\\/en\\\/home\\\/\"},{\"@type\":\"ListItem\",\"position\":2,\"name\":\"Impressum\"}]},{\"@type\":\"WebSite\",\"@id\":\"https:\\\/\\\/alfs.ch\\\/en\\\/#website\",\"url\":\"https:\\\/\\\/alfs.ch\\\/en\\\/\",\"name\":\"ALFS\",\"description\":\"SAND, KIES UND SPLITT \u2013 SOLIDE BAUSTOFFE F\u00dcR GENERATIONEN\",\"publisher\":{\"@id\":\"https:\\\/\\\/alfs.ch\\\/en\\\/#organization\"},\"potentialAction\":[{\"@type\":\"SearchAction\",\"target\":{\"@type\":\"EntryPoint\",\"urlTemplate\":\"https:\\\/\\\/alfs.ch\\\/en\\\/?s={search_term_string}\"},\"query-input\":{\"@type\":\"PropertyValueSpecification\",\"valueRequired\":true,\"valueName\":\"search_term_string\"}}],\"inLanguage\":\"en-US\"},{\"@type\":\"Organization\",\"@id\":\"https:\\\/\\\/alfs.ch\\\/en\\\/#organization\",\"name\":\"ALFS\",\"url\":\"https:\\\/\\\/alfs.ch\\\/en\\\/\",\"logo\":{\"@type\":\"ImageObject\",\"inLanguage\":\"en-US\",\"@id\":\"https:\\\/\\\/alfs.ch\\\/en\\\/#\\\/schema\\\/logo\\\/image\\\/\",\"url\":\"https:\\\/\\\/amazing-mclaren.18-159-236-213.plesk.page\\\/wp-content\\\/uploads\\\/2022\\\/12\\\/alfs-logo-color.png\",\"contentUrl\":\"https:\\\/\\\/amazing-mclaren.18-159-236-213.plesk.page\\\/wp-content\\\/uploads\\\/2022\\\/12\\\/alfs-logo-color.png\",\"width\":168,\"height\":46,\"caption\":\"ALFS\"},\"image\":{\"@id\":\"https:\\\/\\\/alfs.ch\\\/en\\\/#\\\/schema\\\/logo\\\/image\\\/\"},\"sameAs\":[\"https:\\\/\\\/www.facebook.com\\\/heinzalfsgmbh\"]}]}<\/script>\n<!-- \/ Yoast SEO plugin. -->","yoast_head_json":{"title":"Impressum - ALFS","robots":{"index":"index","follow":"follow","max-snippet":"max-snippet:-1","max-image-preview":"max-image-preview:large","max-video-preview":"max-video-preview:-1"},"canonical":"https:\/\/alfs.ch\/en\/impressum\/","og_locale":"en_US","og_type":"article","og_title":"Impressum - ALFS","og_description":"Impressum Anschrift ALFS AG Pfaffenrainstrasse 30 4103 Bottmingen Schweiz E-Mail: info@alfs.ch Tel: +41 (0) 61 551 51 77 Haftungshinweis F\u00fcr Verweise auf unseren Seiten m\u00f6chten wir ausdr\u00fccklich betonen, dass wir keinerlei Einfluss auf den Linktext, die Gestaltung, evtl. Verletzungen geltender Rechte, auch Marken- und Titelrechte und die Inhalte der gelinkten Seiten haben. Wir distanzieren uns [&hellip;]","og_url":"https:\/\/alfs.ch\/en\/impressum\/","og_site_name":"ALFS","article_publisher":"https:\/\/www.facebook.com\/heinzalfsgmbh","article_modified_time":"2023-05-15T09:41:40+00:00","twitter_card":"summary_large_image","twitter_misc":{"Est. reading time":"2 minutes"},"schema":{"@context":"https:\/\/schema.org","@graph":[{"@type":"WebPage","@id":"https:\/\/alfs.ch\/en\/impressum\/","url":"https:\/\/alfs.ch\/en\/impressum\/","name":"Impressum - ALFS","isPartOf":{"@id":"https:\/\/alfs.ch\/en\/#website"},"datePublished":"2022-12-08T02:16:27+00:00","dateModified":"2023-05-15T09:41:40+00:00","breadcrumb":{"@id":"https:\/\/alfs.ch\/en\/impressum\/#breadcrumb"},"inLanguage":"en-US","potentialAction":[{"@type":"ReadAction","target":["https:\/\/alfs.ch\/en\/impressum\/"]}]},{"@type":"BreadcrumbList","@id":"https:\/\/alfs.ch\/en\/impressum\/#breadcrumb","itemListElement":[{"@type":"ListItem","position":1,"name":"Home","item":"https:\/\/alfs.ch\/en\/home\/"},{"@type":"ListItem","position":2,"name":"Impressum"}]},{"@type":"WebSite","@id":"https:\/\/alfs.ch\/en\/#website","url":"https:\/\/alfs.ch\/en\/","name":"ALFS","description":"SAND, KIES UND SPLITT \u2013 SOLIDE BAUSTOFFE F\u00dcR GENERATIONEN","publisher":{"@id":"https:\/\/alfs.ch\/en\/#organization"},"potentialAction":[{"@type":"SearchAction","target":{"@type":"EntryPoint","urlTemplate":"https:\/\/alfs.ch\/en\/?s={search_term_string}"},"query-input":{"@type":"PropertyValueSpecification","valueRequired":true,"valueName":"search_term_string"}}],"inLanguage":"en-US"},{"@type":"Organization","@id":"https:\/\/alfs.ch\/en\/#organization","name":"ALFS","url":"https:\/\/alfs.ch\/en\/","logo":{"@type":"ImageObject","inLanguage":"en-US","@id":"https:\/\/alfs.ch\/en\/#\/schema\/logo\/image\/","url":"https:\/\/amazing-mclaren.18-159-236-213.plesk.page\/wp-content\/uploads\/2022\/12\/alfs-logo-color.png","contentUrl":"https:\/\/amazing-mclaren.18-159-236-213.plesk.page\/wp-content\/uploads\/2022\/12\/alfs-logo-color.png","width":168,"height":46,"caption":"ALFS"},"image":{"@id":"https:\/\/alfs.ch\/en\/#\/schema\/logo\/image\/"},"sameAs":["https:\/\/www.facebook.com\/heinzalfsgmbh"]}]}},"_links":{"self":[{"href":"https:\/\/alfs.ch\/en\/wp-json\/wp\/v2\/pages\/1738","targetHints":{"allow":["GET"]}}],"collection":[{"href":"https:\/\/alfs.ch\/en\/wp-json\/wp\/v2\/pages"}],"about":[{"href":"https:\/\/alfs.ch\/en\/wp-json\/wp\/v2\/types\/page"}],"author":[{"embeddable":true,"href":"https:\/\/alfs.ch\/en\/wp-json\/wp\/v2\/users\/2"}],"replies":[{"embeddable":true,"href":"https:\/\/alfs.ch\/en\/wp-json\/wp\/v2\/comments?post=1738"}],"version-history":[{"count":1,"href":"https:\/\/alfs.ch\/en\/wp-json\/wp\/v2\/pages\/1738\/revisions"}],"predecessor-version":[{"id":1739,"href":"https:\/\/alfs.ch\/en\/wp-json\/wp\/v2\/pages\/1738\/revisions\/1739"}],"wp:attachment":[{"href":"https:\/\/alfs.ch\/en\/wp-json\/wp\/v2\/media?parent=1738"}],"curies":[{"name":"wp","href":"https:\/\/api.w.org\/{rel}","templated":true}]}}