{"id":1556,"date":"2022-12-08T06:14:20","date_gmt":"2022-12-08T05:14:20","guid":{"rendered":"https:\/\/alfs.ch\/algemene-voorwaarde\/"},"modified":"2023-05-15T11:34:43","modified_gmt":"2023-05-15T09:34:43","slug":"algemene-voorwaarde","status":"publish","type":"page","link":"https:\/\/alfs.ch\/nl\/algemene-voorwaarde\/","title":{"rendered":"AGB"},"content":{"rendered":"\t\t<div data-elementor-type=\"wp-page\" data-elementor-id=\"1556\" class=\"elementor elementor-1556 elementor-657\" data-elementor-post-type=\"page\">\n\t\t\t\t\t\t<section class=\"elementor-section elementor-top-section elementor-element elementor-element-a32516f elementor-section-boxed elementor-section-height-default elementor-section-height-default\" data-id=\"a32516f\" data-element_type=\"section\" data-settings=\"{&quot;background_background&quot;:&quot;classic&quot;}\">\n\t\t\t\t\t\t<div class=\"elementor-container elementor-column-gap-default\">\n\t\t\t\t\t<div class=\"elementor-column elementor-col-100 elementor-top-column elementor-element elementor-element-571a689\" data-id=\"571a689\" data-element_type=\"column\">\n\t\t\t<div class=\"elementor-widget-wrap elementor-element-populated\">\n\t\t\t\t\t\t<div class=\"elementor-element elementor-element-2c0594b elementor-widget elementor-widget-heading\" data-id=\"2c0594b\" data-element_type=\"widget\" data-widget_type=\"heading.default\">\n\t\t\t\t<div class=\"elementor-widget-container\">\n\t\t\t\t\t<h2 class=\"elementor-heading-title elementor-size-default\">AGB<\/h2>\t\t\t\t<\/div>\n\t\t\t\t<\/div>\n\t\t\t\t<div class=\"elementor-element elementor-element-fc33f07 elementor-widget elementor-widget-text-editor\" data-id=\"fc33f07\" data-element_type=\"widget\" data-widget_type=\"text-editor.default\">\n\t\t\t\t<div class=\"elementor-widget-container\">\n\t\t\t\t\t\t\t\t\t<p><strong><u>Allgemeine Gesch\u00e4ftsbedingungen der ALFS AG<\/u><\/strong><\/p>\n<p>Stand 2023<\/p>\n<p>\u00a0<\/p>\n<p><strong>1. Geltungsbereich<\/strong><\/p>\n<p>Diese Allgemeinen Gesch\u00e4ftsbedingungen (&#8220;AGB&#8221;) gelten f\u00fcr den gesamten Gesch\u00e4ftsbereich der ALFS AG (nachfolgend &#8220;Firma&#8221;). Die Firma bezweckt den Handel und den Transport von Baumaterialien, insbesondere von nat\u00fcrlichen Bauzuschlagstoffen wie Kies, Splitt und Sandmaterialien sowie von Recycling-Materialien wie Mischabbruch- und Sch\u00fcttg\u00fcter aller Art.<\/p>\n<p>\u00a0<\/p>\n<p><strong>2. Vertragsabschluss<\/strong><\/p>\n<p>Der Vertragsabschluss kommt durch die Akzeptanz der Offerte der Firma betreffend den Bezug von Dienstleistungen und Waren durch den Kunden zustande.<\/p>\n<p>Der Vertrag kommt auf jeden Fall zustande, wenn der Kunde die von der Firma angebotenen Dienstleistungen in Anspruch nimmt oder die Ware bestellt.<\/p>\n<p>\u00a0<\/p>\n<p><strong>3. Preise<\/strong><\/p>\n<p>Vorbehaltlich anderweitiger Offerten verstehen sich alle Preise in Euro (\u20ac) oder in Schweizer Franken (CHF). Alle Preise verstehen sich exklusive allf\u00e4llig anwendbarer Mehrwertsteuer (MwSt) und weiterer allf\u00e4llig anwendbarer Steuern, Kosten und Abgaben. \u00a0<\/p>\n<p>Sofern die Firma eine Zahlung leisten muss (Einkauf), werden die Rechnungen immer inklusive allf\u00e4lliger Steuern und Abgaben beglichen.<\/p>\n<p>Die Angebote der Firma sind, soweit nicht anders durch eine Angebotsfrist angegeben, unverbindlich.\u00a0 Dies gilt auch, wenn dem K\u00e4ufer Kataloge oder technische Dokumentationen \u00fcberlassen worden sind. Erst die Bestellung der Ware durch den K\u00e4ufer gilt als verbindliches Vertragsangebot und es gelten die Preise zum Zeitpunkt der Bestellung.<\/p>\n<p>\u00a0<\/p>\n<p><strong>4. Bezahlung<\/strong><\/p>\n<p>Die Firma bietet dem Kunden folgende Zahlungsm\u00f6glichkeiten: Rechnung und bei Neukunden beh\u00e4lt sich die Firma das Recht vor, Lieferungen nur gegen Vorauskasse oder Anzahlung abzuwickeln<\/p>\n<p>Der Kunde ist verpflichtet, soweit nichts anderes vereinbart wurde, den in Rechnung gestellten Betrag innert 30 (dreissig) Tagen ab Rechnungsdatum zu bezahlen.<\/p>\n<p>Wird die Rechnung nicht binnen vorgenannter Zahlungsfrist beglichen ger\u00e4t der Kunde automatisch in Verzug.<\/p>\n<p>Ab Zeitpunkt des Verzuges schuldet der Kunde Verzugszinsen in der H\u00f6he von 5% (f\u00fcnf Prozent).<\/p>\n<p>Verrechnung des in Rechnung gestellten Betrages mit einer allf\u00e4lligen Forderung des Kunden gegen die Firma ist nicht zul\u00e4ssig.<\/p>\n<p>Bei einer hohen Bestellsumme kann die Firma vom Kunden eine Anzahlung verlangen.<\/p>\n<p>Der Firma steht das Recht zu, bei Zahlungsverzug die Lieferung oder Dienstleistungserbringung zu verweigern. Bis zur vollst\u00e4ndigen Bezahlung aller gegenw\u00e4rtigen und k\u00fcnftigen Forderungen aus dem Kaufvertrag und einer laufenden Gesch\u00e4ftsbeziehung (gesicherte Forderungen) beh\u00e4lt sich die Firma das Eigentum an den verkauften Waren vor.<\/p>\n<p>Bei vertragswidrigem Verhalten des K\u00e4ufers, insbesondere bei Nichtzahlung des f\u00e4lligen Kaufpreises, ist die Firma berechtigt, nach den gesetzlichen Vorschriften vom Vertrag zur\u00fcckzutreten oder\/und die Ware auf Grund des Eigentumsvorbehalts heraus zu verlangen. Das Herausgabeverlangen beinhaltet nicht zugleich die Erkl\u00e4rung des R\u00fccktritts. Die Firma \u00a0ist vielmehr berechtigt, lediglich die Ware zu verlangen und den R\u00fccktritt vorzubehalten. Zahlt der K\u00e4ufer den f\u00e4lligen Kaufpreis nicht, kann dieses Recht nur geltend gemacht werden, wenn dem K\u00e4ufer zuvor erfolglos eine angemessene Frist zur Zahlung gesetzt wurde oder eine derartige Fristsetzung nach den gesetzlichen Vorschriften entbehrlich ist.<\/p>\n<p><strong>\u00a0<\/strong><\/p>\n<p><strong>5. Pflichten der Firma<\/strong><\/p>\n<p>5.1. Lieferung \/ Liefertermine<\/p>\n<p>Nach Bestelleingang vom Kunden bestellt die Firma beim Lieferanten oder Produzenten das Material und organisieren den Transport zum Kunden. Alternativ hat der Kunde auch die M\u00f6glichkeit, den Transport selbst zu organisieren.<\/p>\n<p>5.2 Lieferfrist<\/p>\n<p>Die Lieferfrist wird individuell vereinbart bzw. von der Firma bei Annahme der Bestellung angegeben. Sofern die Lieferfristen aus Gr\u00fcnden, welche die Firma nicht zu vertreten haben, nicht einhalten kann (Nichtverf\u00fcgbarkeit der Leistung), wird der K\u00e4ufer unverz\u00fcglich informiert und es werden neue Lieferfristen vereinbart. \u00a0<\/p>\n<p>Ist die Leistung auch innerhalb der neuen Lieferfrist nicht verf\u00fcgbar, ist die Firma berechtigt, ganz oder teilweise vom Vertrag zur\u00fcckzutreten. Eine bereits erbrachte Gegenleistung des K\u00e4ufers wird zur\u00fcckerstattet. Als Fall der Nichtverf\u00fcgbarkeit der Leistung in diesem Sinne gilt insbesondere die nicht rechtzeitige Selbstbelieferung durch unseren Zulieferer, wenn wir ein kongruentes Deckungsgesch\u00e4ft abgeschlossen haben, weder uns noch unseren Zulieferer ein Verschulden trifft oder wir im Einzelfall zur Beschaffung nicht verpflichtet sind.<\/p>\n<p>5.2. Dienstleistungserbringung<\/p>\n<p>Vorbehaltlich anderslautender Vereinbarung, erf\u00fcllt die Firma ihre Verpflichtung durch Erbringung der vereinbarten Dienstleistung.<\/p>\n<p>Die Lieferung erfolgt ab Lager oder dem Auslieferungsort des Vorlieferanten. Der Ort der Erf\u00fcllung wird von der Firma mit dem Kunden individuell vereinbart. Wo nichts anderes vereinbart wird, gilt als Erf\u00fcllungsort der Auslieferungsort.<\/p>\n<p>Der Kunde nimmt zur Kenntnis, dass je nach Bestimmungsland verschiedene Nebenbestimmungen gelten. Diese bilden einen integrierenden Bestandteil der vorliegenden AGB&#8217;s und k\u00f6nnen im Anhang eingesehen werden.<\/p>\n<p>\u00a05.3. Hilfspersonen<\/p>\n<p>Die Parteien haben das ausdr\u00fcckliche Recht, zur Erledigung ihrer vertragsgem\u00e4ssen Pflichten Hilfspersonen beizuziehen. Sie haben sicherzustellen, dass der Beizug der Hilfsperson unter Einhaltung aller zwingenden gesetzlichen Bestimmungen und allf\u00e4lliger Gesamtarbeitsvertr\u00e4ge erfolgt.<\/p>\n<p>\u00a0<\/p>\n<p><strong>6. Pflichten des Kunden<\/strong><\/p>\n<p>Der Kunde ist verpflichtet s\u00e4mtliche Vorkehrungen, welche zur Erbringung der Dienstleistung durch die Firma erforderlich sind, umgehend vorzunehmen. Der Kunde hat die Vorkehrungen am vereinbarten Ort zur vereinbarten Zeit und im vereinbarten Mass vorzunehmen. Je nach Umst\u00e4nden geh\u00f6rt dazu das Erbringen geeigneter Informationen und Unterlagen f\u00fcr die Firma.<\/p>\n<p>Beim Versendungskauf tr\u00e4gt der K\u00e4ufer die Transportkosten ab Lager und die Kosten einer ggf. vom K\u00e4ufer gew\u00fcnschten Transportversicherung. Etwaige Z\u00f6lle, Geb\u00fchren, Steuern und sonstige \u00f6ffentliche Abgaben tr\u00e4gt der K\u00e4ufer. Bei Lieferung auf dem Wasserwege hat der K\u00e4ufer die gesetzlichen Wasserzuschl\u00e4ge zu tragen, soweit nicht etwas anderes vereinbart ist. Gleiches gilt auch f\u00fcr Liege- oder Standgelder, Kanalabgaben und sonstige Geb\u00fchren sowie Verholkosten bei Lieferung nach mehr als einer L\u00f6schstelle. Soweit eine frachtfreie Lieferung vereinbart ist, tr\u00e4gt der K\u00e4ufer Frachtmehrkosten, die aufgrund von Eis, Gl\u00e4tte, Schneefall, Vorspann und Wartezeit (z.B. an einer Grenze) o.\u00e4. entstehen.<\/p>\n<p>\u00a0<\/p>\n<p><strong>7. Abwerbe- und Anstellungsverbot<\/strong><\/p>\n<p>Der Kunde darf ohne ausdr\u00fcckliche schriftliche Zustimmung der Firma dessen Mitarbeitende oder sonstige Hilfspersonen weder auf eigene noch auf Rechnung eines Dritten abwerben oder einstellen. Auch nach Beendigung des Vertragsverh\u00e4ltnisses ist es dem Kunden untersagt, Mitarbeitende oder sonstige Hilfspersonen der Firma in irgendeiner Weise direkt oder indirekt zu besch\u00e4ftigen. Dieses Verbot gilt bis ein Jahr nach Beendigung des Vertragsverh\u00e4ltnisses und ist auf das T\u00e4tigkeitsgebiet des entsprechenden Mitarbeiters oder Hilfsperson beschr\u00e4nkt.<\/p>\n<p>\u00a0<\/p>\n<p><strong>8. Umtausch<\/strong><\/p>\n<p>Ein Umtausch von Waren wird grunds\u00e4tzlich ausgeschlossen.<\/p>\n<p>\u00a0<\/p>\n<p><strong>9. Gew\u00e4hrleistung und M\u00e4ngelr\u00fcge<\/strong><\/p>\n<p>Die Firma gew\u00e4hrleistet, dass das Produkt den Produktespezifikationen entspricht und die vereinbarten Dienstleistungen in branchen\u00fcblicher Qualit\u00e4t ausgef\u00fchrt werden. Soweit nichts anderes vereinbart wurde, gelten die gesetzlichen Gew\u00e4hrleistungsbestimmungen.<\/p>\n<p>Bei Splitt, Kies und Sand handelt es sich um ein Naturprodukt. Daher k\u00f6nnen f\u00fcr Farbe und verf\u00fcgbare Mengen keinerlei Garantien \u00fcbernommen werden. Je nach Materialvorrat k\u00f6nnen auch nur Teilpartien geliefert oder anderweitige Ladestellen angeboten werden.<\/p>\n<p>Ein allf\u00e4lliger Mangel ist der Firma umgehend schriftlich per E-Mail zu melden. Der Mangel muss am \u00dcbergabeort gemeldet werden, um ein etwaiger Entlade- oder Ladevorgang zu unterbrechen. Eine Reklamation nach einem Entlade- oder Ladevorgang ist ausgeschlossen.<\/p>\n<p>Eigens auf Kundenwunsch produzierte Ware, beispielsweise Bauzuschlagstoff-Mischungen vom Lieferanten oder Produzenten k\u00f6nnen vom Kunden nicht bem\u00e4ngelt oder umgetauscht werden und sind in jedem Falle vollumf\u00e4nglich zu bezahlen.<\/p>\n<p>Bei Baustoffen und anderen, zum Einbau oder sonstigen Weiterverarbeitung bestimmten Waren hat eine M\u00e4ngeluntersuchung in jedem Fall unmittelbar vor der Verarbeitung zu erfolgen. Zeigt sich bei der Lieferung, der Untersuchung oder zu irgendeinem sp\u00e4teren Zeitpunkt ein Mangel, so ist uns hiervon unverz\u00fcglich schriftlich Anzeige zu machen. In jedem Fall sind offensichtliche M\u00e4ngel unverz\u00fcglich, bei der Untersuchung nicht erkennbare M\u00e4ngel innerhalb von 5 Arbeitstagen ab Entdeckung schriftlich anzuzeigen. Vers\u00e4umt der K\u00e4ufer die ordnungsgem\u00e4\u00dfe Untersuchung und\/oder M\u00e4ngelanzeige, ist unsere Haftung f\u00fcr den nicht bzw. nicht rechtzeitig oder nicht ordnungsgem\u00e4\u00df angezeigten Mangel nach den gesetzlichen Vorschriften ausgeschlossen..<\/p>\n<p>Anspr\u00fcche aus Lieferantenregress sind unter anderem ausgeschlossen, wenn die mangelhafte Ware durch den K\u00e4ufer oder einen anderen Unternehmer, beispielsweise durch Einbau in ein anderes Produkt, weiterverarbeitet wurde.<\/p>\n<p>\u00a0<\/p>\n<p><strong>10. Haftung<\/strong><\/p>\n<p>Die Haftung f\u00fcr jegliche indirekte Sch\u00e4den und Mangelfolgesch\u00e4den wird vollumf\u00e4nglich ausgeschlossen.<\/p>\n<p>Die Haftung f\u00fcr direkte Sch\u00e4den wird auf den Verkaufspreis der Waren oder Dienstleistung beschr\u00e4nkt. Diese Haftungsbeschr\u00e4nkung gilt nicht f\u00fcr direkte Sch\u00e4den verursacht durch Grobfahrl\u00e4ssigkeit oder Absicht.<\/p>\n<p>Der Kunde ist verpflichtet, allf\u00e4llige Sch\u00e4den der Firma umgehend schriftlich per E-Mail zu melden.<\/p>\n<p>Jegliche Haftung f\u00fcr Hilfspersonen wird vollumf\u00e4nglich ausgeschlossen.<\/p>\n<p>\u00a0<\/p>\n<p><strong>11. Immaterialg\u00fcterrechte<\/strong><\/p>\n<p>S\u00e4mtliche Rechte an den Produkten, Dienstleistungen und allf\u00e4lligen Marken stehen der Firma zu oder sie ist zu deren Benutzung vom Inhaber berechtigt.<\/p>\n<p>Weder diese AGB noch dazugeh\u00f6rige Individualvereinbarungen haben die \u00dcbertragung etwelcher Immaterialg\u00fcterrechte zum Inhalt, es sei denn dies werde explizit erw\u00e4hnt.<\/p>\n<p>Zudem ist jegliche Weiterverwendung, Ver\u00f6ffentlichung und das Zug\u00e4nglichmachen von Informationen, Bildern, Texten oder sonstigem welches der Kunde im Zusammenhang mit diesen Bestimmungen erh\u00e4lt, untersagt, es sei denn, es werde von der Firma explizit genehmigt.<\/p>\n<p>Verwendet der Kunde im Zusammenhang mit der Firma Inhalte, Texte oder bildliches Material an welchem Dritte ein Schutzrecht haben, hat der Kunde sicherzustellen, dass keine Schutzrechte Dritter verletzt werden.<\/p>\n<p>\u00a0<\/p>\n<p><strong>12. Datenschutz<\/strong><\/p>\n<p>Die Firma darf die im Rahmen des Vertragsschlusses aufgenommenen Daten zur Erf\u00fcllung der Verpflichtungen aus dem Vertrag verarbeiten und verwenden. Die Firma ergreift die Massnahmen welche zur Sicherung der Daten gem\u00e4ss den gesetzlichen Vorschriften erforderlich sind. Der Kunde erkl\u00e4rt sich mit der Speicherung und vertragsgem\u00e4ssen Verwertung seiner Daten durch die Firma vollumf\u00e4nglich einverstanden und ist sich bewusst, dass die Firma auf Anordnung von Gerichten oder Beh\u00f6rden verpflichtet und berechtigt ist Informationen vom Kunden diesen oder Dritten bekannt zu geben. Hat der Kunde es nicht ausdr\u00fccklich untersagt, darf die Firma die Daten zu Marketingzwecken verwenden. Die zur Leistungserf\u00fcllung notwendigen Daten k\u00f6nnen auch an beauftrage Dienstleistungspartner oder sonstigen Dritten weitergegeben werden.<\/p>\n<p>\u00a0<\/p>\n<p><strong>13. \u00c4nderungen<\/strong><\/p>\n<p>Diese Allgemeinen Gesch\u00e4ftsbedingungen k\u00f6nnen von der Firma jederzeit ge\u00e4ndert werden.<\/p>\n<p>Die neue Version tritt 30 (dreissig) Tage nach der Mitteilung oder Aufschaltung auf der Website der Firma in Kraft.<\/p>\n<p>F\u00fcr die Kunden gilt grunds\u00e4tzlich die Version der AGB welche zum Zeitpunkt des Vertragsabschlusses in Kraft ist. Es sie denn, der Kunde habe einer neueren Version der AGB zugestimmt.<\/p>\n<p>\u00a0<\/p>\n<p><strong>14. Priorit\u00e4t<\/strong><\/p>\n<p>Diese AGB gehen allen \u00e4lteren Bestimmungen und Vertr\u00e4gen vor. Lediglich Bestimmungen aus Individualvertr\u00e4gen welche die Bestimmungen dieser AGB noch spezifizieren gehen diesen AGB vor.<\/p>\n<p>\u00a0<\/p>\n<p><strong>15. Salvatorische Klausel<\/strong><\/p>\n<p>Sollte eine Bestimmung dieses Vertrages oder eine Beilage dieses Vertrages ung\u00fcltig sein oder werden, so wird dadurch die Wirksamkeit des Vertrages im \u00dcbrigen nicht ber\u00fchrt. Die Vertragsparteien werden die unwirksame Bestimmung durch eine wirksame Bestimmung ersetzen, die dem gewollten wirtschaftlichen Zweck der ung\u00fcltigen Bestimmung m\u00f6glichst nahe kommt. Dasselbe gilt auch f\u00fcr allf\u00e4llige Vertragsl\u00fccken.<\/p>\n<p>\u00a0<\/p>\n<p><strong>16. Vertraulichkeit<\/strong><\/p>\n<p>Beide Parteien, sowie deren Hilfspersonen, verpflichten sich, s\u00e4mtliche Informationen welche im Zusammenhang mit den Leistungen unterbreitet oder angeeignet wurden, vertraulich zu behandeln. Diese Pflicht bleibt auch nach der Beendigung des Vertrages bestehen.<\/p>\n<p>\u00a0<\/p>\n<p><strong>17. H\u00f6here Gewalt<\/strong><\/p>\n<p>Wird die fristgerechte Erf\u00fcllung durch die Firma, deren Lieferanten oder beigezogenen Dritten infolge h\u00f6herer Gewalt wie beispielsweise Naturkatastrophen, Erdbeben, Vulkanausbr\u00fcche, Lawinen, Unwetter, Gewitter, Havarie, St\u00fcrme, Kriege, Unruhen, B\u00fcrgerkriege, Revolutionen und Aufst\u00e4nde, Terrorismus, Sabotage, Streiks, Atomunf\u00e4lle resp. Reaktorsch\u00e4den,Hochwasser WasserstrasseundKleinwasser Wasserstrasse unm\u00f6glich so ist die Firma w\u00e4hrend der Dauer der h\u00f6heren Gewalt sowie einer angemessenen Anlaufzeit nach deren Ende von der Erf\u00fcllung der betroffenen Pflichten befreit. Dauert die h\u00f6here Gewalt l\u00e4nger als 60 (sechzig) Tage kann die Firma vom Vertrag zur\u00fcck treten. Die Firma hat dem Kunden bereits geleistetes Entgelt vollumf\u00e4nglich zur\u00fcck zu erstatten.<\/p>\n<p>Jegliche weiteren Anspr\u00fcche, insbesondere Schadenersatzanspr\u00fcche infolge vis major sind ausgeschlossen.<\/p>\n<p>\u00a0<\/p>\n<p><strong>18. Handels- und Speditionspartner<\/strong><\/p>\n<p>Der Kunde nimmt zur Kenntnis, das allf\u00e4llige Speditionspartner selbstst\u00e4ndig und damit unabh\u00e4ngig von der Firma arbeiten und jegliche potentiellen Anspr\u00fcche diesen gegen\u00fcber direkt geltend zu machen sind. Die Firma haftet in keiner Weise f\u00fcr Vertragsverletzungen allf\u00e4lliger Partner.<\/p>\n<p>\u00a0<\/p>\n<p><strong>19. Anwendbares Recht \/ Gerichtsstand<\/strong><\/p>\n<p>Diese AGB unterstehen <u>schweizerischem Recht<\/u>. Soweit keine zwingenden gesetzlichen Bestimmungen vorgehen, ist das Gericht am <u>Sitz der Firma<\/u> zust\u00e4ndig. Der Firma steht es frei, am Sitz des Beklagten eine Klage anzuheben. Das \u00dcbereinkommen der Vereinten Nationen \u00fcber Vertr\u00e4ge \u00fcber den internationalen Produktekauf (SR 0.221.211.1) wird explizit <u>ausgeschlossen<\/u>.<\/p>\n\t\t\t\t\t\t\t\t<\/div>\n\t\t\t\t<\/div>\n\t\t\t\t\t<\/div>\n\t\t<\/div>\n\t\t\t\t\t<\/div>\n\t\t<\/section>\n\t\t\t\t<\/div>\n\t\t","protected":false},"excerpt":{"rendered":"<p>AGB Allgemeine Gesch\u00e4ftsbedingungen der ALFS AG Stand 2023 \u00a0 1. Geltungsbereich Diese Allgemeinen Gesch\u00e4ftsbedingungen (&#8220;AGB&#8221;) gelten f\u00fcr den gesamten Gesch\u00e4ftsbereich der ALFS AG (nachfolgend &#8220;Firma&#8221;). Die Firma bezweckt den Handel und den Transport von Baumaterialien, insbesondere von nat\u00fcrlichen Bauzuschlagstoffen wie Kies, Splitt und Sandmaterialien sowie von Recycling-Materialien wie Mischabbruch- und Sch\u00fcttg\u00fcter aller Art. \u00a0 2. [&hellip;]<\/p>\n","protected":false},"author":2,"featured_media":0,"parent":0,"menu_order":0,"comment_status":"closed","ping_status":"closed","template":"elementor_header_footer","meta":{"footnotes":""},"class_list":["post-1556","page","type-page","status-publish","hentry"],"yoast_head":"<!-- This site is optimized with the Yoast SEO plugin v27.4 - https:\/\/yoast.com\/product\/yoast-seo-wordpress\/ -->\n<title>AGB - ALFS<\/title>\n<meta name=\"robots\" content=\"index, follow, max-snippet:-1, max-image-preview:large, max-video-preview:-1\" \/>\n<link rel=\"canonical\" href=\"https:\/\/alfs.ch\/nl\/algemene-voorwaarde\/\" \/>\n<meta property=\"og:locale\" content=\"nl_NL\" \/>\n<meta property=\"og:type\" content=\"article\" \/>\n<meta property=\"og:title\" content=\"AGB - ALFS\" \/>\n<meta property=\"og:description\" content=\"AGB Allgemeine Gesch\u00e4ftsbedingungen der ALFS AG Stand 2023 \u00a0 1. Geltungsbereich Diese Allgemeinen Gesch\u00e4ftsbedingungen (&#8220;AGB&#8221;) gelten f\u00fcr den gesamten Gesch\u00e4ftsbereich der ALFS AG (nachfolgend &#8220;Firma&#8221;). Die Firma bezweckt den Handel und den Transport von Baumaterialien, insbesondere von nat\u00fcrlichen Bauzuschlagstoffen wie Kies, Splitt und Sandmaterialien sowie von Recycling-Materialien wie Mischabbruch- und Sch\u00fcttg\u00fcter aller Art. \u00a0 2. [&hellip;]\" \/>\n<meta property=\"og:url\" content=\"https:\/\/alfs.ch\/nl\/algemene-voorwaarde\/\" \/>\n<meta property=\"og:site_name\" content=\"ALFS\" \/>\n<meta property=\"article:publisher\" content=\"https:\/\/www.facebook.com\/heinzalfsgmbh\" \/>\n<meta property=\"article:modified_time\" content=\"2023-05-15T09:34:43+00:00\" \/>\n<meta name=\"twitter:card\" content=\"summary_large_image\" \/>\n<meta name=\"twitter:label1\" content=\"Geschatte leestijd\" \/>\n\t<meta name=\"twitter:data1\" content=\"10 minuten\" \/>\n<script type=\"application\/ld+json\" class=\"yoast-schema-graph\">{\"@context\":\"https:\\\/\\\/schema.org\",\"@graph\":[{\"@type\":\"WebPage\",\"@id\":\"https:\\\/\\\/alfs.ch\\\/nl\\\/algemene-voorwaarde\\\/\",\"url\":\"https:\\\/\\\/alfs.ch\\\/nl\\\/algemene-voorwaarde\\\/\",\"name\":\"AGB - ALFS\",\"isPartOf\":{\"@id\":\"https:\\\/\\\/alfs.ch\\\/nl\\\/#website\"},\"datePublished\":\"2022-12-08T05:14:20+00:00\",\"dateModified\":\"2023-05-15T09:34:43+00:00\",\"breadcrumb\":{\"@id\":\"https:\\\/\\\/alfs.ch\\\/nl\\\/algemene-voorwaarde\\\/#breadcrumb\"},\"inLanguage\":\"nl-NL\",\"potentialAction\":[{\"@type\":\"ReadAction\",\"target\":[\"https:\\\/\\\/alfs.ch\\\/nl\\\/algemene-voorwaarde\\\/\"]}]},{\"@type\":\"BreadcrumbList\",\"@id\":\"https:\\\/\\\/alfs.ch\\\/nl\\\/algemene-voorwaarde\\\/#breadcrumb\",\"itemListElement\":[{\"@type\":\"ListItem\",\"position\":1,\"name\":\"Home\",\"item\":\"https:\\\/\\\/alfs.ch\\\/nl\\\/home\\\/\"},{\"@type\":\"ListItem\",\"position\":2,\"name\":\"AGB\"}]},{\"@type\":\"WebSite\",\"@id\":\"https:\\\/\\\/alfs.ch\\\/nl\\\/#website\",\"url\":\"https:\\\/\\\/alfs.ch\\\/nl\\\/\",\"name\":\"ALFS\",\"description\":\"SAND, KIES UND SPLITT \u2013 SOLIDE BAUSTOFFE F\u00dcR GENERATIONEN\",\"publisher\":{\"@id\":\"https:\\\/\\\/alfs.ch\\\/nl\\\/#organization\"},\"potentialAction\":[{\"@type\":\"SearchAction\",\"target\":{\"@type\":\"EntryPoint\",\"urlTemplate\":\"https:\\\/\\\/alfs.ch\\\/nl\\\/?s={search_term_string}\"},\"query-input\":{\"@type\":\"PropertyValueSpecification\",\"valueRequired\":true,\"valueName\":\"search_term_string\"}}],\"inLanguage\":\"nl-NL\"},{\"@type\":\"Organization\",\"@id\":\"https:\\\/\\\/alfs.ch\\\/nl\\\/#organization\",\"name\":\"ALFS\",\"url\":\"https:\\\/\\\/alfs.ch\\\/nl\\\/\",\"logo\":{\"@type\":\"ImageObject\",\"inLanguage\":\"nl-NL\",\"@id\":\"https:\\\/\\\/alfs.ch\\\/nl\\\/#\\\/schema\\\/logo\\\/image\\\/\",\"url\":\"https:\\\/\\\/amazing-mclaren.18-159-236-213.plesk.page\\\/wp-content\\\/uploads\\\/2022\\\/12\\\/alfs-logo-color.png\",\"contentUrl\":\"https:\\\/\\\/amazing-mclaren.18-159-236-213.plesk.page\\\/wp-content\\\/uploads\\\/2022\\\/12\\\/alfs-logo-color.png\",\"width\":168,\"height\":46,\"caption\":\"ALFS\"},\"image\":{\"@id\":\"https:\\\/\\\/alfs.ch\\\/nl\\\/#\\\/schema\\\/logo\\\/image\\\/\"},\"sameAs\":[\"https:\\\/\\\/www.facebook.com\\\/heinzalfsgmbh\"]}]}<\/script>\n<!-- \/ Yoast SEO plugin. -->","yoast_head_json":{"title":"AGB - ALFS","robots":{"index":"index","follow":"follow","max-snippet":"max-snippet:-1","max-image-preview":"max-image-preview:large","max-video-preview":"max-video-preview:-1"},"canonical":"https:\/\/alfs.ch\/nl\/algemene-voorwaarde\/","og_locale":"nl_NL","og_type":"article","og_title":"AGB - ALFS","og_description":"AGB Allgemeine Gesch\u00e4ftsbedingungen der ALFS AG Stand 2023 \u00a0 1. Geltungsbereich Diese Allgemeinen Gesch\u00e4ftsbedingungen (&#8220;AGB&#8221;) gelten f\u00fcr den gesamten Gesch\u00e4ftsbereich der ALFS AG (nachfolgend &#8220;Firma&#8221;). Die Firma bezweckt den Handel und den Transport von Baumaterialien, insbesondere von nat\u00fcrlichen Bauzuschlagstoffen wie Kies, Splitt und Sandmaterialien sowie von Recycling-Materialien wie Mischabbruch- und Sch\u00fcttg\u00fcter aller Art. \u00a0 2. [&hellip;]","og_url":"https:\/\/alfs.ch\/nl\/algemene-voorwaarde\/","og_site_name":"ALFS","article_publisher":"https:\/\/www.facebook.com\/heinzalfsgmbh","article_modified_time":"2023-05-15T09:34:43+00:00","twitter_card":"summary_large_image","twitter_misc":{"Geschatte leestijd":"10 minuten"},"schema":{"@context":"https:\/\/schema.org","@graph":[{"@type":"WebPage","@id":"https:\/\/alfs.ch\/nl\/algemene-voorwaarde\/","url":"https:\/\/alfs.ch\/nl\/algemene-voorwaarde\/","name":"AGB - ALFS","isPartOf":{"@id":"https:\/\/alfs.ch\/nl\/#website"},"datePublished":"2022-12-08T05:14:20+00:00","dateModified":"2023-05-15T09:34:43+00:00","breadcrumb":{"@id":"https:\/\/alfs.ch\/nl\/algemene-voorwaarde\/#breadcrumb"},"inLanguage":"nl-NL","potentialAction":[{"@type":"ReadAction","target":["https:\/\/alfs.ch\/nl\/algemene-voorwaarde\/"]}]},{"@type":"BreadcrumbList","@id":"https:\/\/alfs.ch\/nl\/algemene-voorwaarde\/#breadcrumb","itemListElement":[{"@type":"ListItem","position":1,"name":"Home","item":"https:\/\/alfs.ch\/nl\/home\/"},{"@type":"ListItem","position":2,"name":"AGB"}]},{"@type":"WebSite","@id":"https:\/\/alfs.ch\/nl\/#website","url":"https:\/\/alfs.ch\/nl\/","name":"ALFS","description":"SAND, KIES UND SPLITT \u2013 SOLIDE BAUSTOFFE F\u00dcR GENERATIONEN","publisher":{"@id":"https:\/\/alfs.ch\/nl\/#organization"},"potentialAction":[{"@type":"SearchAction","target":{"@type":"EntryPoint","urlTemplate":"https:\/\/alfs.ch\/nl\/?s={search_term_string}"},"query-input":{"@type":"PropertyValueSpecification","valueRequired":true,"valueName":"search_term_string"}}],"inLanguage":"nl-NL"},{"@type":"Organization","@id":"https:\/\/alfs.ch\/nl\/#organization","name":"ALFS","url":"https:\/\/alfs.ch\/nl\/","logo":{"@type":"ImageObject","inLanguage":"nl-NL","@id":"https:\/\/alfs.ch\/nl\/#\/schema\/logo\/image\/","url":"https:\/\/amazing-mclaren.18-159-236-213.plesk.page\/wp-content\/uploads\/2022\/12\/alfs-logo-color.png","contentUrl":"https:\/\/amazing-mclaren.18-159-236-213.plesk.page\/wp-content\/uploads\/2022\/12\/alfs-logo-color.png","width":168,"height":46,"caption":"ALFS"},"image":{"@id":"https:\/\/alfs.ch\/nl\/#\/schema\/logo\/image\/"},"sameAs":["https:\/\/www.facebook.com\/heinzalfsgmbh"]}]}},"_links":{"self":[{"href":"https:\/\/alfs.ch\/nl\/wp-json\/wp\/v2\/pages\/1556","targetHints":{"allow":["GET"]}}],"collection":[{"href":"https:\/\/alfs.ch\/nl\/wp-json\/wp\/v2\/pages"}],"about":[{"href":"https:\/\/alfs.ch\/nl\/wp-json\/wp\/v2\/types\/page"}],"author":[{"embeddable":true,"href":"https:\/\/alfs.ch\/nl\/wp-json\/wp\/v2\/users\/2"}],"replies":[{"embeddable":true,"href":"https:\/\/alfs.ch\/nl\/wp-json\/wp\/v2\/comments?post=1556"}],"version-history":[{"count":7,"href":"https:\/\/alfs.ch\/nl\/wp-json\/wp\/v2\/pages\/1556\/revisions"}],"predecessor-version":[{"id":1735,"href":"https:\/\/alfs.ch\/nl\/wp-json\/wp\/v2\/pages\/1556\/revisions\/1735"}],"wp:attachment":[{"href":"https:\/\/alfs.ch\/nl\/wp-json\/wp\/v2\/media?parent=1556"}],"curies":[{"name":"wp","href":"https:\/\/api.w.org\/{rel}","templated":true}]}}